{"id":3618,"date":"2026-04-20T12:25:01","date_gmt":"2026-04-20T12:25:01","guid":{"rendered":"https:\/\/www.dhd4a.com\/es\/?post_type=product&#038;p=3618"},"modified":"2026-04-20T12:26:37","modified_gmt":"2026-04-20T12:26:37","slug":"formacion-en-dinamicas-de-pareja-familia-ninez-y-adolescencia","status":"publish","type":"product","link":"https:\/\/www.dhd4a.com\/es\/product\/formacion-en-dinamicas-de-pareja-familia-ninez-y-adolescencia\/","title":{"rendered":"Formaci\u00f3n en din\u00e1micas de pareja, familia, ni\u00f1ez y adolescencia"},"content":{"rendered":"<p data-start=\"0\" data-end=\"513\">Muchas veces en nuestras relaciones aparecen conflictos, tensiones o patrones que se repiten sin que logremos entender por qu\u00e9. En la pareja, en la familia o en la relaci\u00f3n con los hijos, sentimos que algo ocurre, pero no siempre sabemos c\u00f3mo mirarlo o comprenderlo. Esta formaci\u00f3n te ofrece una manera clara y profunda de entender lo que sucede en tus v\u00ednculos, desde una mirada sist\u00e9mico fenomenol\u00f3gica que te permite ver m\u00e1s all\u00e1 de lo individual y reconocer c\u00f3mo cada relaci\u00f3n forma parte de un sistema mayor.<\/p>\n<p data-start=\"515\" data-end=\"1085\">A lo largo de 24 m\u00f3dulos, organizados de forma progresiva, ir\u00e1s comprendiendo el desarrollo sist\u00e9mico y evolutivo de las relaciones: c\u00f3mo se construyen las din\u00e1micas de pareja, qu\u00e9 lugar ocupan los hijos dentro del sistema familiar, por qu\u00e9 ciertos patrones se repiten y c\u00f3mo los conflictos pueden entenderse desde una dimensi\u00f3n relacional. Est\u00e1 dirigida a madres, padres, educadores, cuidadores y a cualquier persona interesada en profundizar en este tema, sin necesidad de experiencia previa, solo con la disposici\u00f3n de mirar con mayor conciencia su historia vincular.<\/p>\n<p data-start=\"1087\" data-end=\"1384\" data-is-last-node=\"\" data-is-only-node=\"\">Es un espacio cercano, online y en vivo, donde combinamos contenido accesible con reflexi\u00f3n personal, para que no solo entiendas, sino que realmente puedas mirar distinto lo que ocurre en tu vida. Porque cuando comprendes tus v\u00ednculos, algo en ti se ordena, y desde ah\u00ed, comienzan a transformarse.<\/p>\n","protected":false},"excerpt":{"rendered":"<p>Muchas veces en nuestras relaciones aparecen conflictos, tensiones o patrones que se repiten sin que logremos entender por qu\u00e9. En la pareja, en la familia o en&#8230;<\/p>\n","protected":false},"featured_media":3619,"comment_status":"open","ping_status":"closed","template":"","meta":{"kk_blocks_editor_width":"","_kiokenblocks_attr":"","_kiokenblocks_dimensions":""},"product_cat":[108],"product_tag":[],"acf":[],"_links":{"self":[{"href":"https:\/\/www.dhd4a.com\/es\/wp-json\/wp\/v2\/product\/3618"}],"collection":[{"href":"https:\/\/www.dhd4a.com\/es\/wp-json\/wp\/v2\/product"}],"about":[{"href":"https:\/\/www.dhd4a.com\/es\/wp-json\/wp\/v2\/types\/product"}],"replies":[{"embeddable":true,"href":"https:\/\/www.dhd4a.com\/es\/wp-json\/wp\/v2\/comments?post=3618"}],"wp:featuredmedia":[{"embeddable":true,"href":"https:\/\/www.dhd4a.com\/es\/wp-json\/wp\/v2\/media\/3619"}],"wp:attachment":[{"href":"https:\/\/www.dhd4a.com\/es\/wp-json\/wp\/v2\/media?parent=3618"}],"wp:term":[{"taxonomy":"product_cat","embeddable":true,"href":"https:\/\/www.dhd4a.com\/es\/wp-json\/wp\/v2\/product_cat?post=3618"},{"taxonomy":"product_tag","embeddable":true,"href":"https:\/\/www.dhd4a.com\/es\/wp-json\/wp\/v2\/product_tag?post=3618"}],"curies":[{"name":"wp","href":"https:\/\/api.w.org\/{rel}","templated":true}]}}