{"id":3449,"date":"2021-04-09T21:51:35","date_gmt":"2021-04-09T21:51:35","guid":{"rendered":"https:\/\/dhd4a.com\/es\/?post_type=product&#038;p=3449"},"modified":"2026-03-12T18:12:50","modified_gmt":"2026-03-12T18:12:50","slug":"potenciando-mi-comunicacion","status":"publish","type":"product","link":"https:\/\/www.dhd4a.com\/es\/product\/potenciando-mi-comunicacion\/","title":{"rendered":"\u00abPotenciando mi Comunicaci\u00f3n\u00bb"},"content":{"rendered":"<p>Cuando nos estamos comunicando, en la mayor\u00eda de los casos, el mensaje que queremos dar no es comprendido o desencadena confusi\u00f3n y mensajes dispersos que no tienen relaci\u00f3n con lo que se quer\u00eda decir. Tambi\u00e9n ocurre que a medida que nos expresamos, estamos ampliando nuestra capacidad de hacer contacto con otras personas o, en caso contrario, limitando dicha necesidad.<\/p>\n<p>Lo que muchas veces sucede es que nos concentramos m\u00e1s en lo que van a ocasionar las palabras que diremos, en c\u00f3mo lo van a recibir o en esperar el momento\/espacio m\u00e1s sano para hablar y, perdemos la oportunidad de hacerlo desde nuestro sentir, nuestras sensaciones y lo que nos pertenece.<\/p>\n<p>En esta Master Class, vas a descubrir un estilo de comunicaci\u00f3n de forma clara, congruente y consciente, reconociendo sus principales caracter\u00edsticas y diversos modelos que, bas\u00e1ndonos en Virginia Satir, te van a permitir potenciar tus procesos verbales y por ende, una manera m\u00e1s sana y exitosa de contactar con tu manera de moverte en el mundo.<\/p>\n<p>&nbsp;<\/p>\n<p>&nbsp;<\/p>\n","protected":false},"excerpt":{"rendered":"<p>Cuando nos estamos comunicando, en la mayor\u00eda de los casos, el mensaje que queremos dar no es comprendido o desencadena confusi\u00f3n y mensajes dispersos que no tienen&#8230;<\/p>\n","protected":false},"featured_media":3454,"comment_status":"open","ping_status":"closed","template":"","meta":{"kk_blocks_editor_width":"","_kiokenblocks_attr":"","_kiokenblocks_dimensions":""},"product_cat":[115],"product_tag":[],"acf":[],"_links":{"self":[{"href":"https:\/\/www.dhd4a.com\/es\/wp-json\/wp\/v2\/product\/3449"}],"collection":[{"href":"https:\/\/www.dhd4a.com\/es\/wp-json\/wp\/v2\/product"}],"about":[{"href":"https:\/\/www.dhd4a.com\/es\/wp-json\/wp\/v2\/types\/product"}],"replies":[{"embeddable":true,"href":"https:\/\/www.dhd4a.com\/es\/wp-json\/wp\/v2\/comments?post=3449"}],"wp:featuredmedia":[{"embeddable":true,"href":"https:\/\/www.dhd4a.com\/es\/wp-json\/wp\/v2\/media\/3454"}],"wp:attachment":[{"href":"https:\/\/www.dhd4a.com\/es\/wp-json\/wp\/v2\/media?parent=3449"}],"wp:term":[{"taxonomy":"product_cat","embeddable":true,"href":"https:\/\/www.dhd4a.com\/es\/wp-json\/wp\/v2\/product_cat?post=3449"},{"taxonomy":"product_tag","embeddable":true,"href":"https:\/\/www.dhd4a.com\/es\/wp-json\/wp\/v2\/product_tag?post=3449"}],"curies":[{"name":"wp","href":"https:\/\/api.w.org\/{rel}","templated":true}]}}