{"id":3125,"date":"2021-02-18T17:30:15","date_gmt":"2021-02-18T17:30:15","guid":{"rendered":"https:\/\/dhd4a.com\/es\/?post_type=product&#038;p=3125"},"modified":"2026-03-12T18:18:13","modified_gmt":"2026-03-12T18:18:13","slug":"curso-basico-de-registros-akashicos","status":"publish","type":"product","link":"https:\/\/www.dhd4a.com\/es\/product\/curso-basico-de-registros-akashicos\/","title":{"rendered":"Curso b\u00e1sico de Registros Ak\u00e1shicos"},"content":{"rendered":"<p>Esta es una invitaci\u00f3n a cambiar tu vida, a que descubras o te conectes con el prop\u00f3sito de tu vida.\u2800<\/p>\n<p>Reconoce tu propio poder, accede a toda la informaci\u00f3n de tu alma, en esta y en todas las vidas, en todas las dimensiones. Aprende a recibir todos los mensajes que te tienen tus seres de luz desde tu registro ak\u00e1shico.<\/p>\n<p>\u2714\ufe0fAprende a escuchar a tu coraz\u00f3n.\u2800<br \/>\n\u2714\ufe0fToma decisiones y elige lo mejor para ti desde lo interno.\u2800<br \/>\n\u2714\ufe0fLimpia tus miedos.\u2800<br \/>\n\u2714\ufe0fDescubre nuevas habilidades.\u2800<br \/>\n\u2714\ufe0fCon\u00e9ctate con la prosperidad y la abundancia.\u2800<br \/>\n\u2714\ufe0fComprende tu relaci\u00f3n con la gente que te rodea.\u2800<br \/>\n\u2705<strong>CREA TU PROPIA REALIDAD<\/strong>!<\/p>\n","protected":false},"excerpt":{"rendered":"<p>Esta es una invitaci\u00f3n a cambiar tu vida, a que descubras o te conectes con el prop\u00f3sito de tu vida.\u2800 Reconoce tu propio poder, accede a toda&#8230;<\/p>\n","protected":false},"featured_media":3128,"comment_status":"open","ping_status":"closed","template":"","meta":{"kk_blocks_editor_width":"","_kiokenblocks_attr":"","_kiokenblocks_dimensions":""},"product_cat":[108],"product_tag":[],"acf":[],"_links":{"self":[{"href":"https:\/\/www.dhd4a.com\/es\/wp-json\/wp\/v2\/product\/3125"}],"collection":[{"href":"https:\/\/www.dhd4a.com\/es\/wp-json\/wp\/v2\/product"}],"about":[{"href":"https:\/\/www.dhd4a.com\/es\/wp-json\/wp\/v2\/types\/product"}],"replies":[{"embeddable":true,"href":"https:\/\/www.dhd4a.com\/es\/wp-json\/wp\/v2\/comments?post=3125"}],"wp:featuredmedia":[{"embeddable":true,"href":"https:\/\/www.dhd4a.com\/es\/wp-json\/wp\/v2\/media\/3128"}],"wp:attachment":[{"href":"https:\/\/www.dhd4a.com\/es\/wp-json\/wp\/v2\/media?parent=3125"}],"wp:term":[{"taxonomy":"product_cat","embeddable":true,"href":"https:\/\/www.dhd4a.com\/es\/wp-json\/wp\/v2\/product_cat?post=3125"},{"taxonomy":"product_tag","embeddable":true,"href":"https:\/\/www.dhd4a.com\/es\/wp-json\/wp\/v2\/product_tag?post=3125"}],"curies":[{"name":"wp","href":"https:\/\/api.w.org\/{rel}","templated":true}]}}