{"id":3106,"date":"2021-02-18T16:44:28","date_gmt":"2021-02-18T16:44:28","guid":{"rendered":"https:\/\/dhd4a.com\/es\/?post_type=product&#038;p=3106"},"modified":"2021-02-19T01:27:13","modified_gmt":"2021-02-19T01:27:13","slug":"de-corazon-a-corazon-una-noche-placentera","status":"publish","type":"product","link":"https:\/\/www.dhd4a.com\/es\/product\/de-corazon-a-corazon-una-noche-placentera\/","title":{"rendered":"De Coraz\u00f3n a Coraz\u00f3n &#8211; Una Noche Placentera"},"content":{"rendered":"<p>El sue\u00f1o es una necesidad b\u00e1sica, lo es porque si no dormimos ni descansamos nuestra vida correr\u00e1 peligro.\u00a0 El sue\u00f1o es algo fundamental y nos afecta en todas las \u00e1reas de nuestra vida.\u00a0 Nuestro cerebro y organismo se recupera durante este periodo de tiempo, por lo que es aconsejable que el descanso sea de la mejor calidad posible para que nuestra recuperaci\u00f3n sea \u00f3ptima.\u00a0 Con esta meditaci\u00f3n realizada constantemente antes de dormir, lograr\u00e1s conseguir Una Noche Placentera.\u00a0 Esta meditaci\u00f3n te permitir\u00e1 reducir los niveles de estr\u00e9s y ansiedad, te ayuda a tener la mente calmada, permiti\u00e9ndote un descanso reparador y un sue\u00f1o placentero. Mejorar\u00e1 la estabilidad emocional porque te ayuda a aprender a mantener un estado de plena consciencia y calma.\u00a0 Mejorar\u00e1s tu bienestar mental, f\u00edsico y emocional.<\/p>\n","protected":false},"excerpt":{"rendered":"<p>El sue\u00f1o es una necesidad b\u00e1sica, lo es porque si no dormimos ni descansamos nuestra vida correr\u00e1 peligro.\u00a0 El sue\u00f1o es algo fundamental y nos afecta en&#8230;<\/p>\n","protected":false},"featured_media":3107,"comment_status":"open","ping_status":"closed","template":"","meta":{"kk_blocks_editor_width":"","_kiokenblocks_attr":"","_kiokenblocks_dimensions":""},"product_cat":[15,117],"product_tag":[],"acf":[],"_links":{"self":[{"href":"https:\/\/www.dhd4a.com\/es\/wp-json\/wp\/v2\/product\/3106"}],"collection":[{"href":"https:\/\/www.dhd4a.com\/es\/wp-json\/wp\/v2\/product"}],"about":[{"href":"https:\/\/www.dhd4a.com\/es\/wp-json\/wp\/v2\/types\/product"}],"replies":[{"embeddable":true,"href":"https:\/\/www.dhd4a.com\/es\/wp-json\/wp\/v2\/comments?post=3106"}],"wp:featuredmedia":[{"embeddable":true,"href":"https:\/\/www.dhd4a.com\/es\/wp-json\/wp\/v2\/media\/3107"}],"wp:attachment":[{"href":"https:\/\/www.dhd4a.com\/es\/wp-json\/wp\/v2\/media?parent=3106"}],"wp:term":[{"taxonomy":"product_cat","embeddable":true,"href":"https:\/\/www.dhd4a.com\/es\/wp-json\/wp\/v2\/product_cat?post=3106"},{"taxonomy":"product_tag","embeddable":true,"href":"https:\/\/www.dhd4a.com\/es\/wp-json\/wp\/v2\/product_tag?post=3106"}],"curies":[{"name":"wp","href":"https:\/\/api.w.org\/{rel}","templated":true}]}}