{"id":2887,"date":"2021-02-18T17:03:54","date_gmt":"2021-02-18T17:03:54","guid":{"rendered":"https:\/\/dhd4a.com\/es\/?post_type=product&#038;p=2887"},"modified":"2026-03-12T18:19:11","modified_gmt":"2026-03-12T18:19:11","slug":"escuela-para-padres-curso-completo","status":"publish","type":"product","link":"https:\/\/www.dhd4a.com\/es\/product\/escuela-para-padres-curso-completo\/","title":{"rendered":"ESCUELA PARA PADRES. CURSO COMPLETO"},"content":{"rendered":"<p>No existe una f\u00f3rmula m\u00e1gica ni una receta que compremos y apliquemos para convertirnos en padres nutritivos y efectivos.\u00a0 Ser padre es un proyecto de vida, un proyecto importante por el impacto que tiene para el otro, para la sociedad, para el mundo. Es una experiencia de continuo crecimiento que inicia en nuestro mundo interior, y que la mayor\u00eda de las veces, no siempre, se comparte para convertirlo en un proyecto de pareja.<\/p>\n<p>Aunque no existe una f\u00f3rmula, ni una receta, si hay caminos y formas de hacer de la experiencia de SER Mam\u00e1 o de SER Pap\u00e1, una experiencia que termine convirti\u00e9ndose en una buena aventura, una aventura que con altos y con bajos puede terminar siendo la mejor aventura de la vida.<\/p>\n<p>En este curso me acompa\u00f1a mi colega y amiga la Lic. Susana Forsythe. Juntas abordaremos contigo el camino, ese camino que nos guste o no, comienza dentro de nosotros mismos, en nuestra historia, con nuestros padres, en nuestras vivencias.\u00a0 Esa que nos pertenece a nosotros y que si no miramos con consciencia y gentileza, acabaremos haci\u00e9ndola la historia de nuestros hijos. \u00a0Como es arriba es abajo, como es adentro es afuera, como fue ser\u00e1.\u00a0 As\u00ed es cuando no nos detenemos y miramos lo que es m\u00edo y lo que es tuyo, es decir, lo que nos pertenece como padres y lo que pertenece a nuestros hijos.<\/p>\n<p>Te invitamos a que juntos descubramos lo vital, eso que no puede faltar, desechemos lo t\u00f3xico y abramos la puerta para una crianza amorosamente responsable, donde se colocan l\u00edmites, se asumen las consecuencias y se educa para la gratificante y riesgosa tarea de elegir.<\/p>\n<p>Nuestro curso est\u00e1 dividido en 24 lecciones que podr\u00e1s ir completando a tu ritmo. Encontrar\u00e1s material desarrollado por nosotras que te presentaremos en PDF y audios.\u00a0 Lecturas recomendadas. \u00a0Actividades para hacer de forma individual, en pareja y en familia.\u00a0 Tambi\u00e9n tendr\u00e1s dos Master Classes en Vivo a las que podr\u00e1s asistir para intercambiar tus descubrimientos, aclarar dudas y preguntar todas las inquietudes que te surjan durante el curso.<\/p>\n<p>[pdf-embedder url=\u00bbhttp:\/\/www.dhd4a.com\/es\/wp-content\/uploads\/2021\/02\/ESCUELA-PARA-PADRES.-CONTENIDO.pdf\u00bb title=\u00bbESCUELA PARA PADRES. CONTENIDO\u00bb]<\/p>\n","protected":false},"excerpt":{"rendered":"<p>No existe una f\u00f3rmula m\u00e1gica ni una receta que compremos y apliquemos para convertirnos en padres nutritivos y efectivos.\u00a0 Ser padre es un proyecto de vida, un&#8230;<\/p>\n","protected":false},"featured_media":2910,"comment_status":"open","ping_status":"closed","template":"","meta":{"kk_blocks_editor_width":"","_kiokenblocks_attr":"","_kiokenblocks_dimensions":""},"product_cat":[108],"product_tag":[],"acf":[],"_links":{"self":[{"href":"https:\/\/www.dhd4a.com\/es\/wp-json\/wp\/v2\/product\/2887"}],"collection":[{"href":"https:\/\/www.dhd4a.com\/es\/wp-json\/wp\/v2\/product"}],"about":[{"href":"https:\/\/www.dhd4a.com\/es\/wp-json\/wp\/v2\/types\/product"}],"replies":[{"embeddable":true,"href":"https:\/\/www.dhd4a.com\/es\/wp-json\/wp\/v2\/comments?post=2887"}],"wp:featuredmedia":[{"embeddable":true,"href":"https:\/\/www.dhd4a.com\/es\/wp-json\/wp\/v2\/media\/2910"}],"wp:attachment":[{"href":"https:\/\/www.dhd4a.com\/es\/wp-json\/wp\/v2\/media?parent=2887"}],"wp:term":[{"taxonomy":"product_cat","embeddable":true,"href":"https:\/\/www.dhd4a.com\/es\/wp-json\/wp\/v2\/product_cat?post=2887"},{"taxonomy":"product_tag","embeddable":true,"href":"https:\/\/www.dhd4a.com\/es\/wp-json\/wp\/v2\/product_tag?post=2887"}],"curies":[{"name":"wp","href":"https:\/\/api.w.org\/{rel}","templated":true}]}}