{"id":2783,"date":"2021-02-20T18:01:42","date_gmt":"2021-02-20T18:01:42","guid":{"rendered":"https:\/\/dhd4a.com\/es\/?post_type=product&#038;p=2783"},"modified":"2026-03-12T18:14:46","modified_gmt":"2026-03-12T18:14:46","slug":"diplomado-en-neurobienestar-modulo-vi-sexualidad-y-placer","status":"publish","type":"product","link":"https:\/\/www.dhd4a.com\/es\/product\/diplomado-en-neurobienestar-modulo-vi-sexualidad-y-placer\/","title":{"rendered":"DIPLOMADO EN NEUROBIENESTAR. M\u00d3DULO VI &#8211; SEXUALIDAD Y PLACER"},"content":{"rendered":"<p>&nbsp;<\/p>\n<p>Basado en la trilog\u00eda mente, cuerpo y esp\u00edtitu, este producto corresponde al M\u00f3dulo VI del Diplomado en Neurobienestar, SEXUALIDAD Y PLACER.<\/p>\n<p>El Diplomado en su totalidad hace un recorrido de autoconocimiento desde la neurociencias.\u00a0 Nos adentramos en el maravilloso universo del cerebro, y te acompa\u00f1amos a entender su funcionamiento, c\u00f3mo hacer cambios de h\u00e1bitos efectivos y programarlo para vivir en bienestar.<\/p>\n<p>Este M\u00f3dulo consta de 4 clases que podr\u00e1s presenciar en las siguientes fechas:<\/p>\n<p>Septiembre 06, 2021.\u00a0 Sexualidad<\/p>\n<p>Septiembre 13, 2021.\u00a0 Cerebro Sexual<\/p>\n<p>Septiembre 27, 2021.\u00a0 Trastornos de la Sexualidad<\/p>\n<p>Octubre 02, 2021. Sexualidad y Creatividad<\/p>\n","protected":false},"excerpt":{"rendered":"<p>&nbsp; Basado en la trilog\u00eda mente, cuerpo y esp\u00edtitu, este producto corresponde al M\u00f3dulo VI del Diplomado en Neurobienestar, SEXUALIDAD Y PLACER. El Diplomado en su totalidad&#8230;<\/p>\n","protected":false},"featured_media":2682,"comment_status":"open","ping_status":"closed","template":"","meta":{"kk_blocks_editor_width":"","_kiokenblocks_attr":"","_kiokenblocks_dimensions":""},"product_cat":[113],"product_tag":[],"acf":[],"_links":{"self":[{"href":"https:\/\/www.dhd4a.com\/es\/wp-json\/wp\/v2\/product\/2783"}],"collection":[{"href":"https:\/\/www.dhd4a.com\/es\/wp-json\/wp\/v2\/product"}],"about":[{"href":"https:\/\/www.dhd4a.com\/es\/wp-json\/wp\/v2\/types\/product"}],"replies":[{"embeddable":true,"href":"https:\/\/www.dhd4a.com\/es\/wp-json\/wp\/v2\/comments?post=2783"}],"wp:featuredmedia":[{"embeddable":true,"href":"https:\/\/www.dhd4a.com\/es\/wp-json\/wp\/v2\/media\/2682"}],"wp:attachment":[{"href":"https:\/\/www.dhd4a.com\/es\/wp-json\/wp\/v2\/media?parent=2783"}],"wp:term":[{"taxonomy":"product_cat","embeddable":true,"href":"https:\/\/www.dhd4a.com\/es\/wp-json\/wp\/v2\/product_cat?post=2783"},{"taxonomy":"product_tag","embeddable":true,"href":"https:\/\/www.dhd4a.com\/es\/wp-json\/wp\/v2\/product_tag?post=2783"}],"curies":[{"name":"wp","href":"https:\/\/api.w.org\/{rel}","templated":true}]}}