{"id":2781,"date":"2021-02-20T17:54:39","date_gmt":"2021-02-20T17:54:39","guid":{"rendered":"https:\/\/dhd4a.com\/es\/?post_type=product&#038;p=2781"},"modified":"2026-03-12T18:14:46","modified_gmt":"2026-03-12T18:14:46","slug":"diplomado-en-neurobienestar-modulo-iv-el-cerebro-social","status":"publish","type":"product","link":"https:\/\/www.dhd4a.com\/es\/product\/diplomado-en-neurobienestar-modulo-iv-el-cerebro-social\/","title":{"rendered":"DIPLOMADO EN NEUROBIENESTAR. M\u00d3DULO IV &#8211; EL CEREBRO SOCIAL"},"content":{"rendered":"<p>Basado en la trilog\u00eda mente, cuerpo y esp\u00edtitu, este producto corresponde al M\u00f3dulo IV del Diplomado en Neurobienestar, EL CEREBRO SOCIAL.<\/p>\n<p>El Diplomado en su totalidad hace un recorrido de autoconocimiento desde la neurociencias.\u00a0 Nos adentramos en el maravilloso universo del cerebro, y te acompa\u00f1amos a entender su funcionamiento, c\u00f3mo hacer cambios de h\u00e1bitos efectivos y programarlo para vivir en bienestar.<\/p>\n<p>Este M\u00f3dulo consta de 4 clases que podr\u00e1s presenciar en las siguientes fechas:<\/p>\n<p>Julio 05, 2021.\u00a0 El Cerebro Social<\/p>\n<p>Julio 12, 2021.\u00a0 Neuronas Espejos<\/p>\n<p>Julio 25, 2021.\u00a0 Social Grooming<\/p>\n<p>Agosto 01, 2021. Psicopatolog\u00edas<\/p>\n","protected":false},"excerpt":{"rendered":"<p>Basado en la trilog\u00eda mente, cuerpo y esp\u00edtitu, este producto corresponde al M\u00f3dulo IV del Diplomado en Neurobienestar, EL CEREBRO SOCIAL. El Diplomado en su totalidad hace&#8230;<\/p>\n","protected":false},"featured_media":2678,"comment_status":"open","ping_status":"closed","template":"","meta":{"kk_blocks_editor_width":"","_kiokenblocks_attr":"","_kiokenblocks_dimensions":""},"product_cat":[113],"product_tag":[],"acf":[],"_links":{"self":[{"href":"https:\/\/www.dhd4a.com\/es\/wp-json\/wp\/v2\/product\/2781"}],"collection":[{"href":"https:\/\/www.dhd4a.com\/es\/wp-json\/wp\/v2\/product"}],"about":[{"href":"https:\/\/www.dhd4a.com\/es\/wp-json\/wp\/v2\/types\/product"}],"replies":[{"embeddable":true,"href":"https:\/\/www.dhd4a.com\/es\/wp-json\/wp\/v2\/comments?post=2781"}],"wp:featuredmedia":[{"embeddable":true,"href":"https:\/\/www.dhd4a.com\/es\/wp-json\/wp\/v2\/media\/2678"}],"wp:attachment":[{"href":"https:\/\/www.dhd4a.com\/es\/wp-json\/wp\/v2\/media?parent=2781"}],"wp:term":[{"taxonomy":"product_cat","embeddable":true,"href":"https:\/\/www.dhd4a.com\/es\/wp-json\/wp\/v2\/product_cat?post=2781"},{"taxonomy":"product_tag","embeddable":true,"href":"https:\/\/www.dhd4a.com\/es\/wp-json\/wp\/v2\/product_tag?post=2781"}],"curies":[{"name":"wp","href":"https:\/\/api.w.org\/{rel}","templated":true}]}}