{"id":2780,"date":"2021-02-20T17:52:19","date_gmt":"2021-02-20T17:52:19","guid":{"rendered":"https:\/\/dhd4a.com\/es\/?post_type=product&#038;p=2780"},"modified":"2026-03-12T18:14:46","modified_gmt":"2026-03-12T18:14:46","slug":"diplomado-en-neurobienestar-modulo-iii-el-aqui-y-el-ahora-en-nuestro-cerebro","status":"publish","type":"product","link":"https:\/\/www.dhd4a.com\/es\/product\/diplomado-en-neurobienestar-modulo-iii-el-aqui-y-el-ahora-en-nuestro-cerebro\/","title":{"rendered":"DIPLOMADO EN NEUROBIENESTAR. M\u00d3DULO III &#8211; EL AQUI Y EL AHORA EN NUESTRO CEREBRO"},"content":{"rendered":"<p>&nbsp;<\/p>\n<p>&nbsp;<\/p>\n<p>Basado en la trilog\u00eda mente, cuerpo y esp\u00edtitu, este producto corresponde al M\u00f3dulo III del Diplomado en Neurobienestar, EL AQUI Y EL AHORA EN NUESTRO CEREBRO.<\/p>\n<p>El Diplomado en su totalidad hace un recorrido de autoconocimiento desde la neurociencias.\u00a0 Nos adentramos en el maravilloso universo del cerebro, y te acompa\u00f1amos a entender su funcionamiento, c\u00f3mo hacer cambios de h\u00e1bitos efectivos y programarlo para vivir en bienestar.<\/p>\n<p>Este M\u00f3dulo consta de 4 clases que podr\u00e1s presenciar en las siguientes fechas:<\/p>\n<p>Junio 07, 2021.\u00a0 Epigen\u00e9tica<\/p>\n<p>Junio 14, 2021.\u00a0 La Culpa<\/p>\n<p>Junio 21, 2021.\u00a0 Herramientas para el Bienestar<\/p>\n<p>Junio 28, 2021. El Aqu\u00ed y el Ahora<\/p>\n<p>&nbsp;<\/p>\n<p>&nbsp;<\/p>\n<p>&nbsp;<\/p>\n","protected":false},"excerpt":{"rendered":"<p>&nbsp; &nbsp; Basado en la trilog\u00eda mente, cuerpo y esp\u00edtitu, este producto corresponde al M\u00f3dulo III del Diplomado en Neurobienestar, EL AQUI Y EL AHORA EN NUESTRO&#8230;<\/p>\n","protected":false},"featured_media":2676,"comment_status":"open","ping_status":"closed","template":"","meta":{"kk_blocks_editor_width":"","_kiokenblocks_attr":"","_kiokenblocks_dimensions":""},"product_cat":[113],"product_tag":[],"acf":[],"_links":{"self":[{"href":"https:\/\/www.dhd4a.com\/es\/wp-json\/wp\/v2\/product\/2780"}],"collection":[{"href":"https:\/\/www.dhd4a.com\/es\/wp-json\/wp\/v2\/product"}],"about":[{"href":"https:\/\/www.dhd4a.com\/es\/wp-json\/wp\/v2\/types\/product"}],"replies":[{"embeddable":true,"href":"https:\/\/www.dhd4a.com\/es\/wp-json\/wp\/v2\/comments?post=2780"}],"wp:featuredmedia":[{"embeddable":true,"href":"https:\/\/www.dhd4a.com\/es\/wp-json\/wp\/v2\/media\/2676"}],"wp:attachment":[{"href":"https:\/\/www.dhd4a.com\/es\/wp-json\/wp\/v2\/media?parent=2780"}],"wp:term":[{"taxonomy":"product_cat","embeddable":true,"href":"https:\/\/www.dhd4a.com\/es\/wp-json\/wp\/v2\/product_cat?post=2780"},{"taxonomy":"product_tag","embeddable":true,"href":"https:\/\/www.dhd4a.com\/es\/wp-json\/wp\/v2\/product_tag?post=2780"}],"curies":[{"name":"wp","href":"https:\/\/api.w.org\/{rel}","templated":true}]}}