{"id":2779,"date":"2021-02-20T17:49:57","date_gmt":"2021-02-20T17:49:57","guid":{"rendered":"https:\/\/dhd4a.com\/es\/?post_type=product&#038;p=2779"},"modified":"2026-03-12T18:15:15","modified_gmt":"2026-03-12T18:15:15","slug":"diplomado-en-neurobienestar-modulo-ii-las-huellas-en-el-cerebro","status":"publish","type":"product","link":"https:\/\/www.dhd4a.com\/es\/product\/diplomado-en-neurobienestar-modulo-ii-las-huellas-en-el-cerebro\/","title":{"rendered":"DIPLOMADO EN NEUROBIENESTAR. M\u00d3DULO II &#8211; LAS HUELLAS EN EL CEREBRO"},"content":{"rendered":"<p>&nbsp;<\/p>\n<p>&nbsp;<\/p>\n<p>Basado en la trilog\u00eda mente, cuerpo y esp\u00edtitu, este producto corresponde al M\u00f3dulo II del Diplomado en Neurobienestar, LAS HUELLAS EN EL CEREBRO.<\/p>\n<p>El Diplomado en su totalidad hace un recorrido de autoconocimiento desde la neurociencias.\u00a0 Nos adentramos en el maravilloso universo del cerebro, y te acompa\u00f1amos a entender su funcionamiento, c\u00f3mo hacer cambios de h\u00e1bitos efectivos y programarlo para vivir en bienestar.<\/p>\n<p>Este M\u00f3dulo consta de 4 clases que podr\u00e1s presenciar en las siguientes fechas:<\/p>\n<p>Mayo 10, 2021.\u00a0 Proyecto Sentido<\/p>\n<p>Mayo 17, 2021.\u00a0 El Embarazo<\/p>\n<p>Mayo 24, 2021.\u00a0 El Parto<\/p>\n<p>Mayo 31, 2021. Los Primeros A\u00f1os de Vida<\/p>\n","protected":false},"excerpt":{"rendered":"<p>&nbsp; &nbsp; Basado en la trilog\u00eda mente, cuerpo y esp\u00edtitu, este producto corresponde al M\u00f3dulo II del Diplomado en Neurobienestar, LAS HUELLAS EN EL CEREBRO. El Diplomado&#8230;<\/p>\n","protected":false},"featured_media":2672,"comment_status":"open","ping_status":"closed","template":"","meta":{"kk_blocks_editor_width":"","_kiokenblocks_attr":"","_kiokenblocks_dimensions":""},"product_cat":[113],"product_tag":[],"acf":[],"_links":{"self":[{"href":"https:\/\/www.dhd4a.com\/es\/wp-json\/wp\/v2\/product\/2779"}],"collection":[{"href":"https:\/\/www.dhd4a.com\/es\/wp-json\/wp\/v2\/product"}],"about":[{"href":"https:\/\/www.dhd4a.com\/es\/wp-json\/wp\/v2\/types\/product"}],"replies":[{"embeddable":true,"href":"https:\/\/www.dhd4a.com\/es\/wp-json\/wp\/v2\/comments?post=2779"}],"wp:featuredmedia":[{"embeddable":true,"href":"https:\/\/www.dhd4a.com\/es\/wp-json\/wp\/v2\/media\/2672"}],"wp:attachment":[{"href":"https:\/\/www.dhd4a.com\/es\/wp-json\/wp\/v2\/media?parent=2779"}],"wp:term":[{"taxonomy":"product_cat","embeddable":true,"href":"https:\/\/www.dhd4a.com\/es\/wp-json\/wp\/v2\/product_cat?post=2779"},{"taxonomy":"product_tag","embeddable":true,"href":"https:\/\/www.dhd4a.com\/es\/wp-json\/wp\/v2\/product_tag?post=2779"}],"curies":[{"name":"wp","href":"https:\/\/api.w.org\/{rel}","templated":true}]}}