{"id":2764,"date":"2021-02-14T00:38:42","date_gmt":"2021-02-14T00:38:42","guid":{"rendered":"https:\/\/dhd4a.com\/es\/?post_type=product&#038;p=2764"},"modified":"2026-03-12T18:20:39","modified_gmt":"2026-03-12T18:20:39","slug":"diplomado-en-neurobienestar-modulo-i-el-cerebro","status":"publish","type":"product","link":"https:\/\/www.dhd4a.com\/es\/product\/diplomado-en-neurobienestar-modulo-i-el-cerebro\/","title":{"rendered":"DIPLOMADO EN NEUROBIENESTAR. M\u00d3DULO I &#8211; EL CEREBRO"},"content":{"rendered":"<p>&nbsp;<\/p>\n<p>&nbsp;<\/p>\n<p>Basado en la trilog\u00eda mente, cuerpo y esp\u00edtitu, este producto corresponde al M\u00f3dulo I del Diplomado en Neurobienestar, EL CEREBRO.<\/p>\n<p>El Diplomado en su totalidad hace un recorrido de autoconocimiento desde la neurociencias.\u00a0 Nos adentramos en el maravilloso universo del cerebro, y te acompa\u00f1amos a entender su funcionamiento, c\u00f3mo hacer cambios de h\u00e1bitos efectivos y programarlo para vivir en bienestar.<\/p>\n<p>&nbsp;<\/p>\n<p>Este M\u00f3dulo consta de 4 clases que podr\u00e1s presenciar en las siguientes fechas:<\/p>\n<p>Abril 12, 2021.\u00a0 El Cerebro<\/p>\n<p>Abril 19, 2021.\u00a0 El Cerebro y sus Partes<\/p>\n<p>Abril 26, 2021.\u00a0 El Sistema Nervioso<\/p>\n<p>Mayo 03, 2021. El Cerebro Triuno<\/p>\n<p>&nbsp;<\/p>\n<p>Las clases en vivo se realizar\u00e1n en las fechas establecidas a las 5:30pm Hora Caracas.<\/p>\n<p>No importa si compras en una fecha posterior a la clase en Vivo, de igual forma tendr\u00e1s acceso en grabaci\u00f3n a las clases que ya se hayan dictado.<\/p>\n<p>&nbsp;<\/p>\n","protected":false},"excerpt":{"rendered":"<p>&nbsp; &nbsp; Basado en la trilog\u00eda mente, cuerpo y esp\u00edtitu, este producto corresponde al M\u00f3dulo I del Diplomado en Neurobienestar, EL CEREBRO. El Diplomado en su totalidad&#8230;<\/p>\n","protected":false},"featured_media":2674,"comment_status":"open","ping_status":"closed","template":"","meta":{"kk_blocks_editor_width":"","_kiokenblocks_attr":"","_kiokenblocks_dimensions":""},"product_cat":[113],"product_tag":[],"acf":[],"_links":{"self":[{"href":"https:\/\/www.dhd4a.com\/es\/wp-json\/wp\/v2\/product\/2764"}],"collection":[{"href":"https:\/\/www.dhd4a.com\/es\/wp-json\/wp\/v2\/product"}],"about":[{"href":"https:\/\/www.dhd4a.com\/es\/wp-json\/wp\/v2\/types\/product"}],"replies":[{"embeddable":true,"href":"https:\/\/www.dhd4a.com\/es\/wp-json\/wp\/v2\/comments?post=2764"}],"wp:featuredmedia":[{"embeddable":true,"href":"https:\/\/www.dhd4a.com\/es\/wp-json\/wp\/v2\/media\/2674"}],"wp:attachment":[{"href":"https:\/\/www.dhd4a.com\/es\/wp-json\/wp\/v2\/media?parent=2764"}],"wp:term":[{"taxonomy":"product_cat","embeddable":true,"href":"https:\/\/www.dhd4a.com\/es\/wp-json\/wp\/v2\/product_cat?post=2764"},{"taxonomy":"product_tag","embeddable":true,"href":"https:\/\/www.dhd4a.com\/es\/wp-json\/wp\/v2\/product_tag?post=2764"}],"curies":[{"name":"wp","href":"https:\/\/api.w.org\/{rel}","templated":true}]}}