{"id":2688,"date":"2021-02-18T16:34:54","date_gmt":"2021-02-18T16:34:54","guid":{"rendered":"https:\/\/dhd4a.com\/es\/?post_type=product&#038;p=2688"},"modified":"2026-03-12T18:20:16","modified_gmt":"2026-03-12T18:20:16","slug":"paquete-de-5-meditaciones-conecta-con-tu-completo-bienestar","status":"publish","type":"product","link":"https:\/\/www.dhd4a.com\/es\/product\/paquete-de-5-meditaciones-conecta-con-tu-completo-bienestar\/","title":{"rendered":"PAQUETE DE 5 MEDITACIONES. CONECTA CON TU COMPLETO BIENESTAR."},"content":{"rendered":"<p>Un interesante art\u00edculo publicado en la revista Scientific American escrito por Matthieu Ricard, un monje budista y bi\u00f3logo celular; Antoine Lutz, l\u00edder en el estudio de la neurobiolog\u00eda de la meditaci\u00f3n y Richard J.Davidson, pionero en el estudio de la ciencia de la meditaci\u00f3n, afirma que a trav\u00e9s de la meditaci\u00f3n tenemos el poder de cambiar nuestra mente.\u00a0 Te invito a darte este regalo y a disfrutar de las bondades y beneficios de la Meditaci\u00f3n a trav\u00e9s del Mindfulness.<\/p>\n<p>En este punto, es interesante cuestionarnos si la meditaci\u00f3n tendr\u00eda que ser un h\u00e1bito m\u00e1s en nuestra rutina diaria si queremos mayor calidad de vida.\u00a0 Quiz\u00e1s deber\u00edamos pensar en iniciarnos en la pr\u00e1ctica de la meditaci\u00f3n de manera m\u00e1s seria, igual que hacemos con la incorporaci\u00f3n de una dieta saludable o el ejercicio en nuestra vida.\u00a0 Haciendo referencia a los beneficios de la meditaci\u00f3n, lo cierto es que todos sentimos cada vez m\u00e1s la necesidad de sentirnos mejor, sanos, con inteligencia en el manejo emocional, m\u00e1s altruistas y emp\u00e1ticos en una sociedad competitiva que muchas veces nos devora, adem\u00e1s de la necesidad de sentirnos relajados y menos tensos y en paz.<\/p>\n<p>En este Paquete de 5 Meditaciones encontrar\u00e1s las siguientes meditaciones guiadas:<\/p>\n<p>-Conecta con la Gratitud<\/p>\n<p>-Un Amanecer Energ\u00e9tico<\/p>\n<p>-Un Atardecer Productivo<\/p>\n<p>-Una Noche Placentera<\/p>\n<p>-Vu\u00e9lvete Uno con el Universo<\/p>\n","protected":false},"excerpt":{"rendered":"<p>Un interesante art\u00edculo publicado en la revista Scientific American escrito por Matthieu Ricard, un monje budista y bi\u00f3logo celular; Antoine Lutz, l\u00edder en el estudio de la&#8230;<\/p>\n","protected":false},"featured_media":3104,"comment_status":"open","ping_status":"closed","template":"","meta":{"kk_blocks_editor_width":"","_kiokenblocks_attr":"","_kiokenblocks_dimensions":""},"product_cat":[117],"product_tag":[],"acf":[],"_links":{"self":[{"href":"https:\/\/www.dhd4a.com\/es\/wp-json\/wp\/v2\/product\/2688"}],"collection":[{"href":"https:\/\/www.dhd4a.com\/es\/wp-json\/wp\/v2\/product"}],"about":[{"href":"https:\/\/www.dhd4a.com\/es\/wp-json\/wp\/v2\/types\/product"}],"replies":[{"embeddable":true,"href":"https:\/\/www.dhd4a.com\/es\/wp-json\/wp\/v2\/comments?post=2688"}],"wp:featuredmedia":[{"embeddable":true,"href":"https:\/\/www.dhd4a.com\/es\/wp-json\/wp\/v2\/media\/3104"}],"wp:attachment":[{"href":"https:\/\/www.dhd4a.com\/es\/wp-json\/wp\/v2\/media?parent=2688"}],"wp:term":[{"taxonomy":"product_cat","embeddable":true,"href":"https:\/\/www.dhd4a.com\/es\/wp-json\/wp\/v2\/product_cat?post=2688"},{"taxonomy":"product_tag","embeddable":true,"href":"https:\/\/www.dhd4a.com\/es\/wp-json\/wp\/v2\/product_tag?post=2688"}],"curies":[{"name":"wp","href":"https:\/\/api.w.org\/{rel}","templated":true}]}}