{"id":2597,"date":"2021-02-19T01:25:12","date_gmt":"2021-02-19T01:25:12","guid":{"rendered":"https:\/\/dhd4a.com\/es\/?post_type=product&#038;p=2597"},"modified":"2026-03-12T18:17:27","modified_gmt":"2026-03-12T18:17:27","slug":"vamos-por-tu-proxima-meta","status":"publish","type":"product","link":"https:\/\/www.dhd4a.com\/es\/product\/vamos-por-tu-proxima-meta\/","title":{"rendered":"VAMOS POR TU PR\u00d3XIMA META!!"},"content":{"rendered":"<p>Alcanzar una meta puede convertirse en una total pesadilla, cuando creemos que para ello debemos tener habilidades especiales.\u00a0 Lo que puede ser muy simple se convierte en un largo camino repleto de frustraciones.\u00a0 Generalmente fallamos en lo mas simple y b\u00e1sico, eso que a veces damos por sentado cuando en realidad no lo tenemos claro.<\/p>\n<p>Esta es una gu\u00eda facil que te ayudar\u00e1 a planificarte para alcanzar tu pr\u00f3xima meta.\u00a0 Hallar\u00e1s aqu\u00ed un paralelismo con algo que de seguro has hecho y adem\u00e1s has hecho muy bien.\u00a0 Se trata entonces de trasladar esa experiencia que ya tienes al contexto de tu nuevo objetivo.<\/p>\n<p>Al terminar esta Master Class deber\u00edas tener respuestas claras para las siguientes preguntas \u00bfCu\u00e1les son los pasos que no pueden faltar en el camino hacia mi meta? \u00bfQue necesito para asegurarme el \u00e9xito en el alcance de mi meta?<\/p>\n<p>An\u00edmate, y ve a por ella!!!<\/p>\n","protected":false},"excerpt":{"rendered":"<p>Alcanzar una meta puede convertirse en una total pesadilla, cuando creemos que para ello debemos tener habilidades especiales.\u00a0 Lo que puede ser muy simple se convierte en&#8230;<\/p>\n","protected":false},"featured_media":1031,"comment_status":"open","ping_status":"closed","template":"","meta":{"kk_blocks_editor_width":"","_kiokenblocks_attr":"","_kiokenblocks_dimensions":""},"product_cat":[115],"product_tag":[],"acf":[],"_links":{"self":[{"href":"https:\/\/www.dhd4a.com\/es\/wp-json\/wp\/v2\/product\/2597"}],"collection":[{"href":"https:\/\/www.dhd4a.com\/es\/wp-json\/wp\/v2\/product"}],"about":[{"href":"https:\/\/www.dhd4a.com\/es\/wp-json\/wp\/v2\/types\/product"}],"replies":[{"embeddable":true,"href":"https:\/\/www.dhd4a.com\/es\/wp-json\/wp\/v2\/comments?post=2597"}],"wp:featuredmedia":[{"embeddable":true,"href":"https:\/\/www.dhd4a.com\/es\/wp-json\/wp\/v2\/media\/1031"}],"wp:attachment":[{"href":"https:\/\/www.dhd4a.com\/es\/wp-json\/wp\/v2\/media?parent=2597"}],"wp:term":[{"taxonomy":"product_cat","embeddable":true,"href":"https:\/\/www.dhd4a.com\/es\/wp-json\/wp\/v2\/product_cat?post=2597"},{"taxonomy":"product_tag","embeddable":true,"href":"https:\/\/www.dhd4a.com\/es\/wp-json\/wp\/v2\/product_tag?post=2597"}],"curies":[{"name":"wp","href":"https:\/\/api.w.org\/{rel}","templated":true}]}}