{"id":2549,"date":"2021-02-18T16:44:52","date_gmt":"2021-02-18T16:44:52","guid":{"rendered":"https:\/\/dhd4a.com\/es\/?post_type=product&#038;p=2549"},"modified":"2021-02-18T16:44:52","modified_gmt":"2021-02-18T16:44:52","slug":"de-corazon-a-corazon-vuelvete-uno-con-el-universo","status":"publish","type":"product","link":"https:\/\/www.dhd4a.com\/es\/product\/de-corazon-a-corazon-vuelvete-uno-con-el-universo\/","title":{"rendered":"De Coraz\u00f3n a Coraz\u00f3n &#8211; Vu\u00e9lvete uno con el Universo"},"content":{"rendered":"<p>Esta meditaci\u00f3n te permitir\u00e1 tomar consciencia de lo que eres, de donde estas y de los objetivos de tu existencia.\u00a0 Es una forma de aumentar tu sabidur\u00eda y de atraer la energ\u00eda vital.\u00a0 Antes de iniciar esta pr\u00e1ctica reflexiona en relaci\u00f3n a estas frases:<br \/>\n\u201cMe abro a la sabidur\u00eda universal para obtener respuestas a mis inquietudes y guiar mis actos acertadamente.\u201d<br \/>\n\u201cExpreso estar abierto a conocer y sentir los diferentes aspectos de mi existencia.\u201d<br \/>\n\u201cDoy gracias al Universo por darme la vida y preservarla con situaciones favorables\u201d<br \/>\n\u201cAgradezco al Universo toda la belleza, la abundancia y la armon\u00eda con las que colma mi existencia.\u201d<br \/>\n\u201cMe abro a recibir todas las bendiciones y protecciones del Universo para mi salud, amor, prosperidad y felicidad.\u201d<br \/>\n\u201cMe abro a recibir del Universo con gratitud\u201d<br \/>\nSoy uno con el Universo<\/p>\n","protected":false},"excerpt":{"rendered":"<p>Esta meditaci\u00f3n te permitir\u00e1 tomar consciencia de lo que eres, de donde estas y de los objetivos de tu existencia.\u00a0 Es una forma de aumentar tu sabidur\u00eda&#8230;<\/p>\n","protected":false},"featured_media":2550,"comment_status":"open","ping_status":"closed","template":"","meta":{"kk_blocks_editor_width":"","_kiokenblocks_attr":"","_kiokenblocks_dimensions":""},"product_cat":[117],"product_tag":[],"acf":[],"_links":{"self":[{"href":"https:\/\/www.dhd4a.com\/es\/wp-json\/wp\/v2\/product\/2549"}],"collection":[{"href":"https:\/\/www.dhd4a.com\/es\/wp-json\/wp\/v2\/product"}],"about":[{"href":"https:\/\/www.dhd4a.com\/es\/wp-json\/wp\/v2\/types\/product"}],"replies":[{"embeddable":true,"href":"https:\/\/www.dhd4a.com\/es\/wp-json\/wp\/v2\/comments?post=2549"}],"wp:featuredmedia":[{"embeddable":true,"href":"https:\/\/www.dhd4a.com\/es\/wp-json\/wp\/v2\/media\/2550"}],"wp:attachment":[{"href":"https:\/\/www.dhd4a.com\/es\/wp-json\/wp\/v2\/media?parent=2549"}],"wp:term":[{"taxonomy":"product_cat","embeddable":true,"href":"https:\/\/www.dhd4a.com\/es\/wp-json\/wp\/v2\/product_cat?post=2549"},{"taxonomy":"product_tag","embeddable":true,"href":"https:\/\/www.dhd4a.com\/es\/wp-json\/wp\/v2\/product_tag?post=2549"}],"curies":[{"name":"wp","href":"https:\/\/api.w.org\/{rel}","templated":true}]}}