{"id":2538,"date":"2021-02-18T16:42:21","date_gmt":"2021-02-18T16:42:21","guid":{"rendered":"https:\/\/dhd4a.com\/es\/?post_type=product&#038;p=2538"},"modified":"2021-02-18T16:42:21","modified_gmt":"2021-02-18T16:42:21","slug":"de-corazon-a-corazon-un-amanecer-energetico","status":"publish","type":"product","link":"https:\/\/www.dhd4a.com\/es\/product\/de-corazon-a-corazon-un-amanecer-energetico\/","title":{"rendered":"De Coraz\u00f3n a Coraz\u00f3n &#8211; Un Amanecer Energ\u00e9tico"},"content":{"rendered":"<p>Meditar es el camino que podemos elegir para disminuir la presi\u00f3n, el estr\u00e9s y las preocupaciones que nos abordan diariamente.\u00a0 Cuando meditamos nos proporcionamos un espacio para restaurar nuestra naturaleza interior.<\/p>\n","protected":false},"excerpt":{"rendered":"<p>Meditar es el camino que podemos elegir para disminuir la presi\u00f3n, el estr\u00e9s y las preocupaciones que nos abordan diariamente.\u00a0 Cuando meditamos nos proporcionamos un espacio para&#8230;<\/p>\n","protected":false},"featured_media":2539,"comment_status":"open","ping_status":"closed","template":"","meta":{"kk_blocks_editor_width":"","_kiokenblocks_attr":"","_kiokenblocks_dimensions":""},"product_cat":[117],"product_tag":[],"acf":[],"_links":{"self":[{"href":"https:\/\/www.dhd4a.com\/es\/wp-json\/wp\/v2\/product\/2538"}],"collection":[{"href":"https:\/\/www.dhd4a.com\/es\/wp-json\/wp\/v2\/product"}],"about":[{"href":"https:\/\/www.dhd4a.com\/es\/wp-json\/wp\/v2\/types\/product"}],"replies":[{"embeddable":true,"href":"https:\/\/www.dhd4a.com\/es\/wp-json\/wp\/v2\/comments?post=2538"}],"wp:featuredmedia":[{"embeddable":true,"href":"https:\/\/www.dhd4a.com\/es\/wp-json\/wp\/v2\/media\/2539"}],"wp:attachment":[{"href":"https:\/\/www.dhd4a.com\/es\/wp-json\/wp\/v2\/media?parent=2538"}],"wp:term":[{"taxonomy":"product_cat","embeddable":true,"href":"https:\/\/www.dhd4a.com\/es\/wp-json\/wp\/v2\/product_cat?post=2538"},{"taxonomy":"product_tag","embeddable":true,"href":"https:\/\/www.dhd4a.com\/es\/wp-json\/wp\/v2\/product_tag?post=2538"}],"curies":[{"name":"wp","href":"https:\/\/api.w.org\/{rel}","templated":true}]}}