{"id":2535,"date":"2021-02-12T01:14:03","date_gmt":"2021-02-12T01:14:03","guid":{"rendered":"https:\/\/dhd4a.com\/es\/?post_type=product&#038;p=2535"},"modified":"2026-03-12T18:47:17","modified_gmt":"2026-03-12T18:47:17","slug":"gestalt-para-coaches","status":"publish","type":"product","link":"https:\/\/www.dhd4a.com\/es\/product\/gestalt-para-coaches\/","title":{"rendered":"GESTALT PARA COACHES"},"content":{"rendered":"<p>Hacer Psicoterapia Gestalt requiere del conocimiento de los fundamentos filos\u00f3ficos y psicol\u00f3gicos, as\u00ed como de las conceptualizaciones que sustentan esta interesante disciplina.\u00a0 Conocimiento que termina convirti\u00e9ndose en un lenguaje propio de los que hacemos Gestalt.\u00a0 La Psicoterapia Gestalt requiere adem\u00e1s de un entrenamiento\u00a0 que parte de la propia consciencia que el facilitador gest\u00e1ltico tenga de si y de su experiencia en el contacto con el mundo.\u00a0 Se convierte as\u00ed la Gestalt no solo en una disciplina de consultorio sino en un completo estilo de vida.<\/p>\n<p>Si bien este curso no pretende ser una formaci\u00f3n formal o institucional, si es una gu\u00eda bastante completa de la teor\u00eda que subyace a la facilitaci\u00f3n gest\u00e1ltica.<\/p>\n<p><em>Dirigido a: <\/em><\/p>\n<p>-Psic\u00f3logos y Psicoterapeutas, que quieran adentrarse en el mundo de la consulta a trav\u00e9s de los lentes de la Gestalt.<\/p>\n<p>-Estudiantes de estas disciplinas.<\/p>\n<p>-Personas que quieran conocer los fundamentos de esta corriente psicoterapeutica, simplemente para alimentar su conocimiento.<\/p>\n<p><em>Estructura del curso:<\/em><\/p>\n<p>-12 lecciones de contenido grabado, contentivos no solo de teor\u00eda sino tambi\u00e9n de ejercicios para la pr\u00e1ctica personal del participante.<\/p>\n<p>-Material PDF.<\/p>\n<p>-1 Master Class de 3 horas te\u00f3rica.<\/p>\n<p>-1 Master Class de 3 horas vivencial.<\/p>\n<p><em>Contenido:<\/em><\/p>\n<p>Lecci\u00f3n 1. Fundamentos de la Psicoterapia Gestalt I.<\/p>\n<p>Lecci\u00f3n 2. Fundamentos de la Psicoterapia Gestalt II.<\/p>\n<p>Lecci\u00f3n 3. Conceptualizaciones.<\/p>\n<p>Lecci\u00f3n 4. La Consciencia como Funci\u00f3n Org\u00e1nica.<\/p>\n<p>Lecci\u00f3n 5. Awareness &#8211; Darse Cuenta.<\/p>\n<p>Lecci\u00f3n 6. Configuraci\u00f3n de un ciclo sano de contacto<\/p>\n<p>Lecci\u00f3n 7. La Vida, movimiento entre extremos.<\/p>\n<p>Lecci\u00f3n 8. La Neurosis.<\/p>\n<p>Lecci\u00f3n 9. Interrupciones del Contacto.<\/p>\n<p>Lecci\u00f3n 10. La Psicoterapia Gest\u00e1ltica, una danza de dos almas.<\/p>\n<p>Lecci\u00f3n 11. 3, 2, 1, Acci\u00f3n.\u00a0 El c\u00f3mo de la Psicoterapia Gest\u00e1ltica.<\/p>\n<p>Lecci\u00f3n 12. El Facilitador Gest\u00e1ltico como instrumento terap\u00e9utico.<\/p>\n<p>&nbsp;<\/p>\n<p>&nbsp;<\/p>\n","protected":false},"excerpt":{"rendered":"<p>Hacer Psicoterapia Gestalt requiere del conocimiento de los fundamentos filos\u00f3ficos y psicol\u00f3gicos, as\u00ed como de las conceptualizaciones que sustentan esta interesante disciplina.\u00a0 Conocimiento que termina convirti\u00e9ndose en&#8230;<\/p>\n","protected":false},"featured_media":688,"comment_status":"open","ping_status":"closed","template":"","meta":{"kk_blocks_editor_width":"","_kiokenblocks_attr":"","_kiokenblocks_dimensions":""},"product_cat":[108],"product_tag":[],"acf":[],"_links":{"self":[{"href":"https:\/\/www.dhd4a.com\/es\/wp-json\/wp\/v2\/product\/2535"}],"collection":[{"href":"https:\/\/www.dhd4a.com\/es\/wp-json\/wp\/v2\/product"}],"about":[{"href":"https:\/\/www.dhd4a.com\/es\/wp-json\/wp\/v2\/types\/product"}],"replies":[{"embeddable":true,"href":"https:\/\/www.dhd4a.com\/es\/wp-json\/wp\/v2\/comments?post=2535"}],"wp:featuredmedia":[{"embeddable":true,"href":"https:\/\/www.dhd4a.com\/es\/wp-json\/wp\/v2\/media\/688"}],"wp:attachment":[{"href":"https:\/\/www.dhd4a.com\/es\/wp-json\/wp\/v2\/media?parent=2535"}],"wp:term":[{"taxonomy":"product_cat","embeddable":true,"href":"https:\/\/www.dhd4a.com\/es\/wp-json\/wp\/v2\/product_cat?post=2535"},{"taxonomy":"product_tag","embeddable":true,"href":"https:\/\/www.dhd4a.com\/es\/wp-json\/wp\/v2\/product_tag?post=2535"}],"curies":[{"name":"wp","href":"https:\/\/api.w.org\/{rel}","templated":true}]}}