{"id":2521,"date":"2021-02-18T16:45:14","date_gmt":"2021-02-18T16:45:14","guid":{"rendered":"https:\/\/dhd4a.com\/es\/?post_type=product&#038;p=2521"},"modified":"2021-02-18T16:45:14","modified_gmt":"2021-02-18T16:45:14","slug":"de-corazon-a-corazon-conecta-con-la-gratitud","status":"publish","type":"product","link":"https:\/\/www.dhd4a.com\/es\/product\/de-corazon-a-corazon-conecta-con-la-gratitud\/","title":{"rendered":"De Coraz\u00f3n a Coraz\u00f3n &#8211; Conecta con la Gratitud"},"content":{"rendered":"<p><a href=\"https:\/\/dhd4a.com\/es\/wp-content\/uploads\/2021\/02\/Saludo-DHD.mov\">Video de Saludo y Bienvenida<\/a><\/p>\n<p>&nbsp;<\/p>\n<p>Conecta con la Gratitud<br \/>\nEsta meditaci\u00f3n te ayudar\u00e1 a construir v\u00ednculos con los dem\u00e1s y mejorar tus relaciones: de pareja, con tus hijos, amigos, clientes, pacientes, en fin&#8230; con todas tus relaciones sociales. La pr\u00e1ctica continua favorece el incremento de emociones positivas como el optimismo y la felicidad.\u00a0 Ayuda a afrontar el estr\u00e9s y los eventos traum\u00e1ticos.\u00a0 Te permite enfrentar la adversidad y adaptarte a nuevas circunstancias.<\/p>\n","protected":false},"excerpt":{"rendered":"<p>Video de Saludo y Bienvenida &nbsp; Conecta con la Gratitud Esta meditaci\u00f3n te ayudar\u00e1 a construir v\u00ednculos con los dem\u00e1s y mejorar tus relaciones: de pareja, con&#8230;<\/p>\n","protected":false},"featured_media":2522,"comment_status":"open","ping_status":"closed","template":"","meta":{"kk_blocks_editor_width":"","_kiokenblocks_attr":"","_kiokenblocks_dimensions":""},"product_cat":[117],"product_tag":[],"acf":[],"_links":{"self":[{"href":"https:\/\/www.dhd4a.com\/es\/wp-json\/wp\/v2\/product\/2521"}],"collection":[{"href":"https:\/\/www.dhd4a.com\/es\/wp-json\/wp\/v2\/product"}],"about":[{"href":"https:\/\/www.dhd4a.com\/es\/wp-json\/wp\/v2\/types\/product"}],"replies":[{"embeddable":true,"href":"https:\/\/www.dhd4a.com\/es\/wp-json\/wp\/v2\/comments?post=2521"}],"wp:featuredmedia":[{"embeddable":true,"href":"https:\/\/www.dhd4a.com\/es\/wp-json\/wp\/v2\/media\/2522"}],"wp:attachment":[{"href":"https:\/\/www.dhd4a.com\/es\/wp-json\/wp\/v2\/media?parent=2521"}],"wp:term":[{"taxonomy":"product_cat","embeddable":true,"href":"https:\/\/www.dhd4a.com\/es\/wp-json\/wp\/v2\/product_cat?post=2521"},{"taxonomy":"product_tag","embeddable":true,"href":"https:\/\/www.dhd4a.com\/es\/wp-json\/wp\/v2\/product_tag?post=2521"}],"curies":[{"name":"wp","href":"https:\/\/api.w.org\/{rel}","templated":true}]}}