{"id":2502,"date":"2021-02-19T00:45:41","date_gmt":"2021-02-19T00:45:41","guid":{"rendered":"https:\/\/dhd4a.com\/es\/?post_type=product&#038;p=2502"},"modified":"2021-05-21T17:04:22","modified_gmt":"2021-05-21T17:04:22","slug":"la-psicologia-del-cuerpo","status":"publish","type":"product","link":"https:\/\/www.dhd4a.com\/es\/product\/la-psicologia-del-cuerpo\/","title":{"rendered":"LA PSICOLOGIA DEL CUERPO"},"content":{"rendered":"<blockquote><p><em>Esta Master Class estar\u00e1 <strong>abierta para el p\u00fablico de forma gratuita<\/strong> el d\u00eda viernes 23 de Abril del 2021, a las 5:00pm (EST Time)<\/em><\/p>\n<p><em>Puedes acceder al material agreg\u00e1ndola a tu carrito y 24 horas antes de la clase accesa para que obtengas las coordenadas de la Master Class en Vivo.<\/em><\/p><\/blockquote>\n<p>&nbsp;<\/p>\n<p>Todo lo que callamos y no sabemos expresar, el cuerpo lo siente y lo carga.\u00a0 As\u00ed como sostiene Reich: Tocar el cuerpo, es tocar el inconsciente.\u00a0 Te invitamos a un encuentro vivencial, que te permitir\u00e1 conectar con tu cuerpo, liberarlo y sentirte.\u00a0 La manera de vivir en bienestar es conectando con la sabidur\u00eda de tu organismo.<\/p>\n","protected":false},"excerpt":{"rendered":"<p>Esta Master Class estar\u00e1 abierta para el p\u00fablico de forma gratuita el d\u00eda viernes 23 de Abril del 2021, a las 5:00pm (EST Time) Puedes acceder al&#8230;<\/p>\n","protected":false},"featured_media":3232,"comment_status":"open","ping_status":"closed","template":"","meta":{"kk_blocks_editor_width":"","_kiokenblocks_attr":"","_kiokenblocks_dimensions":""},"product_cat":[115],"product_tag":[],"acf":[],"_links":{"self":[{"href":"https:\/\/www.dhd4a.com\/es\/wp-json\/wp\/v2\/product\/2502"}],"collection":[{"href":"https:\/\/www.dhd4a.com\/es\/wp-json\/wp\/v2\/product"}],"about":[{"href":"https:\/\/www.dhd4a.com\/es\/wp-json\/wp\/v2\/types\/product"}],"replies":[{"embeddable":true,"href":"https:\/\/www.dhd4a.com\/es\/wp-json\/wp\/v2\/comments?post=2502"}],"wp:featuredmedia":[{"embeddable":true,"href":"https:\/\/www.dhd4a.com\/es\/wp-json\/wp\/v2\/media\/3232"}],"wp:attachment":[{"href":"https:\/\/www.dhd4a.com\/es\/wp-json\/wp\/v2\/media?parent=2502"}],"wp:term":[{"taxonomy":"product_cat","embeddable":true,"href":"https:\/\/www.dhd4a.com\/es\/wp-json\/wp\/v2\/product_cat?post=2502"},{"taxonomy":"product_tag","embeddable":true,"href":"https:\/\/www.dhd4a.com\/es\/wp-json\/wp\/v2\/product_tag?post=2502"}],"curies":[{"name":"wp","href":"https:\/\/api.w.org\/{rel}","templated":true}]}}