{"id":2289,"date":"2021-02-20T16:37:45","date_gmt":"2021-02-20T16:37:45","guid":{"rendered":"https:\/\/dhd4a.com\/es\/?post_type=product&#038;p=2289"},"modified":"2026-03-12T18:25:23","modified_gmt":"2026-03-12T18:25:23","slug":"diplomado-en-neurobienestar","status":"publish","type":"product","link":"https:\/\/www.dhd4a.com\/es\/product\/diplomado-en-neurobienestar\/","title":{"rendered":"DIPLOMADO EN NEUROBIENESTAR"},"content":{"rendered":"<p>Basado en la trilog\u00eda mente, cuerpo y esp\u00edtitu, este diplomado hace un recorrido de autoconocimiento desde la neurociencias, nos adentramos en el maravilloso universo del cerebro, y te acompa\u00f1amos a entender su funcionamiento, c\u00f3mo hacer cambios de h\u00e1bitos efectivos y programarlo para vivir en bienestar.<\/p>\n<p>&nbsp;<\/p>\n<blockquote><p>Este Diplomado consta de <strong>120 horas acad\u00e9micas de formaci\u00f3<\/strong>n distribuidas de la siguiente manera:<\/p>\n<p>&nbsp;<\/p>\n<p>-07 M\u00f3dulos de Formaci\u00f3n, cada m\u00f3dulo consta de cuatro clases<\/p>\n<p>-Material PDF incluido<\/p>\n<p>-Clases en vivo<\/p>\n<p>-Foros de discusi\u00f3n.<\/p><\/blockquote>\n<p>Las clases en vivo se realizar\u00e1n en las siguientes fechas por M\u00f3dulo a las 5:30pm Hora Caracas.<\/p>\n<p>No importa si compras en una fecha posterior a la clase en Vivo, de igual forma tendr\u00e1s acceso en grabaci\u00f3n a las clases que ya se hayan dictado.<\/p>\n<p>&nbsp;<\/p>\n<p>A continuaci\u00f3n puedes pasar las laminas del brochure con las flechas para ver mas informaci\u00f3n.<\/p>\n<p>[pdf-embedder url=\u00bbhttps:\/\/www.dhd4a.com\/es\/wp-content\/uploads\/2021\/02\/Neurobienestar-TERCERA-Cohorte.-Brouchure-2020.pdf\u00bb title=\u00bbNeurobienestar TERCERA Cohorte. Brouchure 2020&#8243; toolbar=\u00bbboth\u00bb toolbarfixed=\u00bbon\u00bb]<\/p>\n","protected":false},"excerpt":{"rendered":"<p>Basado en la trilog\u00eda mente, cuerpo y esp\u00edtitu, este diplomado hace un recorrido de autoconocimiento desde la neurociencias, nos adentramos en el maravilloso universo del cerebro, y&#8230;<\/p>\n","protected":false},"featured_media":1507,"comment_status":"open","ping_status":"closed","template":"","meta":{"kk_blocks_editor_width":"","_kiokenblocks_attr":"","_kiokenblocks_dimensions":""},"product_cat":[113],"product_tag":[],"acf":[],"_links":{"self":[{"href":"https:\/\/www.dhd4a.com\/es\/wp-json\/wp\/v2\/product\/2289"}],"collection":[{"href":"https:\/\/www.dhd4a.com\/es\/wp-json\/wp\/v2\/product"}],"about":[{"href":"https:\/\/www.dhd4a.com\/es\/wp-json\/wp\/v2\/types\/product"}],"replies":[{"embeddable":true,"href":"https:\/\/www.dhd4a.com\/es\/wp-json\/wp\/v2\/comments?post=2289"}],"wp:featuredmedia":[{"embeddable":true,"href":"https:\/\/www.dhd4a.com\/es\/wp-json\/wp\/v2\/media\/1507"}],"wp:attachment":[{"href":"https:\/\/www.dhd4a.com\/es\/wp-json\/wp\/v2\/media?parent=2289"}],"wp:term":[{"taxonomy":"product_cat","embeddable":true,"href":"https:\/\/www.dhd4a.com\/es\/wp-json\/wp\/v2\/product_cat?post=2289"},{"taxonomy":"product_tag","embeddable":true,"href":"https:\/\/www.dhd4a.com\/es\/wp-json\/wp\/v2\/product_tag?post=2289"}],"curies":[{"name":"wp","href":"https:\/\/api.w.org\/{rel}","templated":true}]}}